{"id":177,"date":"2012-01-15T11:50:44","date_gmt":"2012-01-15T11:50:44","guid":{"rendered":"http:\/\/www.fitte4beiner.de\/wordpress\/?page_id=177"},"modified":"2026-01-19T22:02:10","modified_gmt":"2026-01-19T21:02:10","slug":"behandlung","status":"publish","type":"page","link":"http:\/\/www.fitte4beiner.de\/wordpress\/?page_id=177","title":{"rendered":"Behandlung"},"content":{"rendered":"<p>Die Behandlung umfasst eine gr\u00fcndliche Anamnese, die anschlie\u00dfende Gesamtuntersuchung des Tieres mittels Palpation, Ganganalyse und osteopathischer Gelenkbefundung.<\/p>\n<p>Da f\u00fcr jedes Tier nach genauer Anamnese und Untersuchung ein indiviueller Therapieplan erstellt wird, k\u00f6nnen im Anschlu\u00df noch erg\u00e4nzende Untersuchungsverfahren erfolgen. Je nach Krankheitsindikation werden die entsprechenden Therapien und naturheilkundlichen Verfahren herangezogen. Eine \u00dcbersicht der von mir angebotenen Therapien ist nachfolgend aufgef\u00fchrt.<\/p>\n<ul>\n<li><a href=\"http:\/\/www.fitte4beiner.de\/wordpress\/?page_id=180\">Massage \/ Querfriktion<\/a><\/li>\n<li><a href=\"http:\/\/www.fitte4beiner.de\/wordpress\/?page_id=183\">Osteopathische Gelenkbefundung und Behandlung<\/a><\/li>\n<li><a href=\"http:\/\/www.fitte4beiner.de\/wordpress\/?page_id=189\">Lymphdrainage<\/a><\/li>\n<li><a href=\"http:\/\/www.fitte4beiner.de\/wordpress\/?page_id=216\">Akupunktur<\/a><\/li>\n<li><a href=\"http:\/\/www.fitte4beiner.de\/wordpress\/?page_id=218\">Lasertherapie<\/a><\/li>\n<li><a href=\"http:\/\/www.fitte4beiner.de\/wordpress\/?page_id=220\">Elektrotherapie<\/a><\/li>\n<li><a href=\"http:\/\/www.fitte4beiner.de\/wordpress\/?page_id=207\">Phytotherapie<\/a><\/li>\n<li><a href=\"http:\/\/www.fitte4beiner.de\/wordpress\/?page_id=260\">Longiertraining mittels DIPO &#8211; Longiertrainer<\/a><\/li>\n<\/ul>\n<p>Weitergehende Informationen zu den Therapien finden Sie in den Unterpunkten. Hiermit weise ich darauf hin, dass die hier beschriebenen Therapien teilweise umstritten sind und von der Lehrmedizin zum Teil nicht anerkannt werden.<\/p>\n<p>Die Kosten f\u00fcr die Erstbehandlung, bestehend aus meist 2 Terminen, liegt beim Hund 50 \u20ac pro Termin. Zus\u00e4tzlich werden Anfahrtskosten von 0,50 \u20ac pro km berechnet.<\/p>\n<p>Die Kosten der Folgebehandlungen und zus\u00e4tzlichen Therapien \/ naturheilkundlichen Verfahren werden je nach Behandlungsaufwand berechnet.<\/p>\n","protected":false},"excerpt":{"rendered":"<p>Die Behandlung umfasst eine gr\u00fcndliche Anamnese, die anschlie\u00dfende Gesamtuntersuchung des Tieres mittels Palpation, Ganganalyse und osteopathischer Gelenkbefundung. Da f\u00fcr jedes Tier nach genauer Anamnese und Untersuchung ein indiviueller Therapieplan erstellt wird, k\u00f6nnen im Anschlu\u00df noch erg\u00e4nzende Untersuchungsverfahren erfolgen. Je nach &hellip; <a href=\"http:\/\/www.fitte4beiner.de\/wordpress\/?page_id=177\">Weiterlesen <span class=\"meta-nav\">&rarr;<\/span><\/a><\/p>\n","protected":false},"author":1,"featured_media":0,"parent":0,"menu_order":0,"comment_status":"closed","ping_status":"open","template":"onecolumn-page.php","meta":{"footnotes":""},"class_list":["post-177","page","type-page","status-publish","hentry"],"_links":{"self":[{"href":"http:\/\/www.fitte4beiner.de\/wordpress\/index.php?rest_route=\/wp\/v2\/pages\/177","targetHints":{"allow":["GET"]}}],"collection":[{"href":"http:\/\/www.fitte4beiner.de\/wordpress\/index.php?rest_route=\/wp\/v2\/pages"}],"about":[{"href":"http:\/\/www.fitte4beiner.de\/wordpress\/index.php?rest_route=\/wp\/v2\/types\/page"}],"author":[{"embeddable":true,"href":"http:\/\/www.fitte4beiner.de\/wordpress\/index.php?rest_route=\/wp\/v2\/users\/1"}],"replies":[{"embeddable":true,"href":"http:\/\/www.fitte4beiner.de\/wordpress\/index.php?rest_route=%2Fwp%2Fv2%2Fcomments&post=177"}],"version-history":[{"count":30,"href":"http:\/\/www.fitte4beiner.de\/wordpress\/index.php?rest_route=\/wp\/v2\/pages\/177\/revisions"}],"predecessor-version":[{"id":816,"href":"http:\/\/www.fitte4beiner.de\/wordpress\/index.php?rest_route=\/wp\/v2\/pages\/177\/revisions\/816"}],"wp:attachment":[{"href":"http:\/\/www.fitte4beiner.de\/wordpress\/index.php?rest_route=%2Fwp%2Fv2%2Fmedia&parent=177"}],"curies":[{"name":"wp","href":"https:\/\/api.w.org\/{rel}","templated":true}]}}