{"id":180,"date":"2012-01-15T11:51:09","date_gmt":"2012-01-15T11:51:09","guid":{"rendered":"http:\/\/www.fitte4beiner.de\/wordpress\/?page_id=180"},"modified":"2023-10-01T21:31:22","modified_gmt":"2023-10-01T20:31:22","slug":"massage-querfriktion","status":"publish","type":"page","link":"http:\/\/www.fitte4beiner.de\/wordpress\/?page_id=180","title":{"rendered":"Massage \/ Querfriktion"},"content":{"rendered":"<p>Durch die Anwendung bestimmter Massagetechniken wie Streichungen, Knetungen und Fazientechniken werden Verklebungen und Verspannungen gelost. Es kommt zur Anregung des Stoffwechsels und zur verbesserten Durchblutung im massierten Bereich.<\/p>\n<p>Bei der Querfriktion und Stresspunktmassage nach Jach Meayher werden Verklebungen und Verh\u00e4rtungen durch Reibung quer zur Muskelfaser gereizt wodurch es in diesem Bereich zu einer Mikroentz\u00fcndung kommt, die in der nachfolgenden Abteilungsphase die Muskelverh\u00e4rtungen beseitigt. Diese Technik und auch die Sehnenbehandlung kann von dien Tieren als unangenehm empfunden werden.<\/p>\n<p>Die Mehrzahl der Massagegriffe wird von den Tieren aber gut akzepiert und f\u00fchrt zur Entspannung und Steigerung des Wohlbefindens.<\/p>\n<p>Hauptindikation:<\/p>\n<ul>\n<li>Verspannung, Hartspanne, Myogelosen, Zerrungen<\/li>\n<li>Aufw\u00e4rmen der Muskulatur vor weiteren Mobilisation und osteopatischen Behandlungen um Muskelbesch\u00e4digungen zu vermeiden<\/li>\n<li>Vertrauensbildung, beruhigende Wirkung bei \u00e4ngstlichen und nerv\u00f6sen Tieren<\/li>\n<\/ul>\n","protected":false},"excerpt":{"rendered":"<p>Durch die Anwendung bestimmter Massagetechniken wie Streichungen, Knetungen und Fazientechniken werden Verklebungen und Verspannungen gelost. Es kommt zur Anregung des Stoffwechsels und zur verbesserten Durchblutung im massierten Bereich. Bei der Querfriktion und Stresspunktmassage nach Jach Meayher werden Verklebungen und Verh\u00e4rtungen &hellip; <a href=\"http:\/\/www.fitte4beiner.de\/wordpress\/?page_id=180\">Weiterlesen <span class=\"meta-nav\">&rarr;<\/span><\/a><\/p>\n","protected":false},"author":1,"featured_media":0,"parent":177,"menu_order":0,"comment_status":"closed","ping_status":"open","template":"onecolumn-page.php","meta":{"footnotes":""},"class_list":["post-180","page","type-page","status-publish","hentry"],"_links":{"self":[{"href":"http:\/\/www.fitte4beiner.de\/wordpress\/index.php?rest_route=\/wp\/v2\/pages\/180","targetHints":{"allow":["GET"]}}],"collection":[{"href":"http:\/\/www.fitte4beiner.de\/wordpress\/index.php?rest_route=\/wp\/v2\/pages"}],"about":[{"href":"http:\/\/www.fitte4beiner.de\/wordpress\/index.php?rest_route=\/wp\/v2\/types\/page"}],"author":[{"embeddable":true,"href":"http:\/\/www.fitte4beiner.de\/wordpress\/index.php?rest_route=\/wp\/v2\/users\/1"}],"replies":[{"embeddable":true,"href":"http:\/\/www.fitte4beiner.de\/wordpress\/index.php?rest_route=%2Fwp%2Fv2%2Fcomments&post=180"}],"version-history":[{"count":7,"href":"http:\/\/www.fitte4beiner.de\/wordpress\/index.php?rest_route=\/wp\/v2\/pages\/180\/revisions"}],"predecessor-version":[{"id":728,"href":"http:\/\/www.fitte4beiner.de\/wordpress\/index.php?rest_route=\/wp\/v2\/pages\/180\/revisions\/728"}],"up":[{"embeddable":true,"href":"http:\/\/www.fitte4beiner.de\/wordpress\/index.php?rest_route=\/wp\/v2\/pages\/177"}],"wp:attachment":[{"href":"http:\/\/www.fitte4beiner.de\/wordpress\/index.php?rest_route=%2Fwp%2Fv2%2Fmedia&parent=180"}],"curies":[{"name":"wp","href":"https:\/\/api.w.org\/{rel}","templated":true}]}}