{"id":189,"date":"2012-01-15T11:52:44","date_gmt":"2012-01-15T11:52:44","guid":{"rendered":"http:\/\/www.fitte4beiner.de\/wordpress\/?page_id=189"},"modified":"2012-01-22T14:47:36","modified_gmt":"2012-01-22T14:47:36","slug":"lymphdrainage","status":"publish","type":"page","link":"http:\/\/www.fitte4beiner.de\/wordpress\/?page_id=189","title":{"rendered":"Lymphdrainage"},"content":{"rendered":"<p>Wie bei der Querfriktion und Stresspunktmassage nach Jach Meayher werden Verklebungen und Verh\u00e4rtungen durch Reibung quer zur Muskelfaser gereizt wodurch es in diesem Bereich zu einer Mikroentz\u00fcndung kommt, die in der nachfolgenden Abteilungsphase die Muskelverh\u00e4rtungen beseitigt. Diese Technik und auch die Sehnenbehandlung kann von dien Tieren als unangenehm empfunden werden.<\/p>\n<p>Lymphdrainagegriffe beinhalten einen Schub- und Entspannungsphase. Die Drainage der Lymphe erfolgt nach einer zentralen Vorbehandlung am Bewegungsknoten des Tieres wo das Lymphsystem \u00fcber Anastomosen mit dem ven\u00f6sen System verbunden ist und die Lymphlast so in den Blutkreislauf gelangt. Danach erfolgt die Drainage der Lymphen in den entsprechenden K\u00f6rperregionen. Daf\u00fcr ist die Kenntnis der Lymphknotenlagen und der Verlauf der Lymphbahnen Voraussetzung. Durch diese Griffe wird der Lymphfluss angeregt und damit der Abtransport von Schad- und Schlackstoffen, sie kann erst nach dem Abklingen der Entz\u00fcndung oder bei aseptischen Schwellungen angewendet werden.<\/p>\n<p>Hauptindikation<\/p>\n<ul>\n<li>Schwellungen bei Zerrungen, Stauchungen, Quetschungen<\/li>\n<li>angeschwollene Beine<\/li>\n<li>Unterbauch\u00f6dem (z.B. nach Kastration)<\/li>\n<li>chronische Phlegmone<\/li>\n<\/ul>\n","protected":false},"excerpt":{"rendered":"<p>Wie bei der Querfriktion und Stresspunktmassage nach Jach Meayher werden Verklebungen und Verh\u00e4rtungen durch Reibung quer zur Muskelfaser gereizt wodurch es in diesem Bereich zu einer Mikroentz\u00fcndung kommt, die in der nachfolgenden Abteilungsphase die Muskelverh\u00e4rtungen beseitigt. Diese Technik und auch &hellip; <a href=\"http:\/\/www.fitte4beiner.de\/wordpress\/?page_id=189\">Weiterlesen <span class=\"meta-nav\">&rarr;<\/span><\/a><\/p>\n","protected":false},"author":1,"featured_media":0,"parent":177,"menu_order":0,"comment_status":"open","ping_status":"open","template":"onecolumn-page.php","meta":{"footnotes":""},"class_list":["post-189","page","type-page","status-publish","hentry"],"_links":{"self":[{"href":"http:\/\/www.fitte4beiner.de\/wordpress\/index.php?rest_route=\/wp\/v2\/pages\/189","targetHints":{"allow":["GET"]}}],"collection":[{"href":"http:\/\/www.fitte4beiner.de\/wordpress\/index.php?rest_route=\/wp\/v2\/pages"}],"about":[{"href":"http:\/\/www.fitte4beiner.de\/wordpress\/index.php?rest_route=\/wp\/v2\/types\/page"}],"author":[{"embeddable":true,"href":"http:\/\/www.fitte4beiner.de\/wordpress\/index.php?rest_route=\/wp\/v2\/users\/1"}],"replies":[{"embeddable":true,"href":"http:\/\/www.fitte4beiner.de\/wordpress\/index.php?rest_route=%2Fwp%2Fv2%2Fcomments&post=189"}],"version-history":[{"count":7,"href":"http:\/\/www.fitte4beiner.de\/wordpress\/index.php?rest_route=\/wp\/v2\/pages\/189\/revisions"}],"predecessor-version":[{"id":294,"href":"http:\/\/www.fitte4beiner.de\/wordpress\/index.php?rest_route=\/wp\/v2\/pages\/189\/revisions\/294"}],"up":[{"embeddable":true,"href":"http:\/\/www.fitte4beiner.de\/wordpress\/index.php?rest_route=\/wp\/v2\/pages\/177"}],"wp:attachment":[{"href":"http:\/\/www.fitte4beiner.de\/wordpress\/index.php?rest_route=%2Fwp%2Fv2%2Fmedia&parent=189"}],"curies":[{"name":"wp","href":"https:\/\/api.w.org\/{rel}","templated":true}]}}