{"id":207,"date":"2012-01-15T13:06:44","date_gmt":"2012-01-15T13:06:44","guid":{"rendered":"http:\/\/www.fitte4beiner.de\/wordpress\/?page_id=207"},"modified":"2023-10-01T21:31:41","modified_gmt":"2023-10-01T20:31:41","slug":"phytotherapie","status":"publish","type":"page","link":"http:\/\/www.fitte4beiner.de\/wordpress\/?page_id=207","title":{"rendered":"Phytotherapie"},"content":{"rendered":"<p>Die Phytotherapie ist als Vorl\u00e4ufer unserer heutigen Schulmedizinischen Pr\u00e4parate anzusehen und wurde seit langem sowohl in Europa, den Tropen und der restlichen Welt zur Behandlung von menschlichen und tierischen Erkrankungen eingesetzt. Dese jahrhunderte alten Erfahrungen im Bereich der Phytotherapie k\u00f6nnen die Behandlung chronischer Erkrankungen gut unterst\u00fctzen. Die phytotherapeutische Behandlung kann meiner Ansicht nach keine notwendige Antibiose oder Entwurmung erstzen, da in diesem Bereich die schulmedizinischen Pr\u00e4parate eine h\u00f6here Effektivit\u00e4t besitzen. Bei einer l\u00e4ngeren Medikamentation kann jedoch wegen der unerw\u00fcnschten Nebenwirkungen der schulmedizinischen Medikamente eine Phytotherapie sinnvoller sein.<\/p>\n","protected":false},"excerpt":{"rendered":"<p>Die Phytotherapie ist als Vorl\u00e4ufer unserer heutigen Schulmedizinischen Pr\u00e4parate anzusehen und wurde seit langem sowohl in Europa, den Tropen und der restlichen Welt zur Behandlung von menschlichen und tierischen Erkrankungen eingesetzt. Dese jahrhunderte alten Erfahrungen im Bereich der Phytotherapie k\u00f6nnen &hellip; <a href=\"http:\/\/www.fitte4beiner.de\/wordpress\/?page_id=207\">Weiterlesen <span class=\"meta-nav\">&rarr;<\/span><\/a><\/p>\n","protected":false},"author":1,"featured_media":0,"parent":177,"menu_order":0,"comment_status":"closed","ping_status":"open","template":"onecolumn-page.php","meta":{"footnotes":""},"class_list":["post-207","page","type-page","status-publish","hentry"],"_links":{"self":[{"href":"http:\/\/www.fitte4beiner.de\/wordpress\/index.php?rest_route=\/wp\/v2\/pages\/207","targetHints":{"allow":["GET"]}}],"collection":[{"href":"http:\/\/www.fitte4beiner.de\/wordpress\/index.php?rest_route=\/wp\/v2\/pages"}],"about":[{"href":"http:\/\/www.fitte4beiner.de\/wordpress\/index.php?rest_route=\/wp\/v2\/types\/page"}],"author":[{"embeddable":true,"href":"http:\/\/www.fitte4beiner.de\/wordpress\/index.php?rest_route=\/wp\/v2\/users\/1"}],"replies":[{"embeddable":true,"href":"http:\/\/www.fitte4beiner.de\/wordpress\/index.php?rest_route=%2Fwp%2Fv2%2Fcomments&post=207"}],"version-history":[{"count":3,"href":"http:\/\/www.fitte4beiner.de\/wordpress\/index.php?rest_route=\/wp\/v2\/pages\/207\/revisions"}],"predecessor-version":[{"id":242,"href":"http:\/\/www.fitte4beiner.de\/wordpress\/index.php?rest_route=\/wp\/v2\/pages\/207\/revisions\/242"}],"up":[{"embeddable":true,"href":"http:\/\/www.fitte4beiner.de\/wordpress\/index.php?rest_route=\/wp\/v2\/pages\/177"}],"wp:attachment":[{"href":"http:\/\/www.fitte4beiner.de\/wordpress\/index.php?rest_route=%2Fwp%2Fv2%2Fmedia&parent=207"}],"curies":[{"name":"wp","href":"https:\/\/api.w.org\/{rel}","templated":true}]}}