{"id":258,"date":"2012-01-16T18:51:51","date_gmt":"2012-01-16T18:51:51","guid":{"rendered":"http:\/\/www.fitte4beiner.de\/wordpress\/?page_id=258"},"modified":"2023-10-01T21:31:49","modified_gmt":"2023-10-01T20:31:49","slug":"satteluberprufung","status":"publish","type":"page","link":"http:\/\/www.fitte4beiner.de\/wordpress\/?page_id=258","title":{"rendered":"Sattel\u00fcberpr\u00fcfung"},"content":{"rendered":"<p><a href=\"http:\/\/www.fitte4beiner.de\/wordpress\/wp-content\/uploads\/Impressionpad.jpg\"><img loading=\"lazy\" decoding=\"async\" class=\"size-medium wp-image-314 alignright\" title=\"Impressionpad\" src=\"http:\/\/www.fitte4beiner.de\/wordpress\/wp-content\/uploads\/Impressionpad-300x225.jpg\" alt=\"\" width=\"300\" height=\"225\" srcset=\"http:\/\/www.fitte4beiner.de\/wordpress\/wp-content\/uploads\/Impressionpad-300x225.jpg 300w, http:\/\/www.fitte4beiner.de\/wordpress\/wp-content\/uploads\/Impressionpad.jpg 600w\" sizes=\"auto, (max-width: 300px) 100vw, 300px\" \/><\/a>Kontrolle der Sattelform in Bewegung unter dem Reiter mit Hilfe des \u201eImpression Pad\u2019s\u201c.<br \/>\nMit Hilfe des Sattelpads, das mit einem thermosensitivem Gel gef\u00fcllt ist k\u00f6nnen eventuell vorhandene ungleichm\u00e4\u00dfige Druckbelastungen oder andere M\u00e4ngel in der Sattelform festgestellt werden.&nbsp; Die Abbildung zeigt eine gleichm\u00e4\u00dfige Druckverteilung auf ganzer L\u00e4nge des Sattels bei dem keine Druckspitzen erkennbar sind. Dieses Ergebnis ist bei einem passenden Sattel zu erwarten. Das Testergebnis wird dokumentiert und Ihnen bzw. dem Sattler zur Verf\u00fcgung gestellt.<\/p>\n","protected":false},"excerpt":{"rendered":"<p>Kontrolle der Sattelform in Bewegung unter dem Reiter mit Hilfe des \u201eImpression Pad\u2019s\u201c. Mit Hilfe des Sattelpads, das mit einem thermosensitivem Gel gef\u00fcllt ist k\u00f6nnen eventuell vorhandene ungleichm\u00e4\u00dfige Druckbelastungen oder andere M\u00e4ngel in der Sattelform festgestellt werden.&nbsp; Die Abbildung zeigt &hellip; <a href=\"http:\/\/www.fitte4beiner.de\/wordpress\/?page_id=258\">Weiterlesen <span class=\"meta-nav\">&rarr;<\/span><\/a><\/p>\n","protected":false},"author":1,"featured_media":0,"parent":177,"menu_order":0,"comment_status":"closed","ping_status":"open","template":"onecolumn-page.php","meta":{"footnotes":""},"class_list":["post-258","page","type-page","status-publish","hentry"],"_links":{"self":[{"href":"http:\/\/www.fitte4beiner.de\/wordpress\/index.php?rest_route=\/wp\/v2\/pages\/258","targetHints":{"allow":["GET"]}}],"collection":[{"href":"http:\/\/www.fitte4beiner.de\/wordpress\/index.php?rest_route=\/wp\/v2\/pages"}],"about":[{"href":"http:\/\/www.fitte4beiner.de\/wordpress\/index.php?rest_route=\/wp\/v2\/types\/page"}],"author":[{"embeddable":true,"href":"http:\/\/www.fitte4beiner.de\/wordpress\/index.php?rest_route=\/wp\/v2\/users\/1"}],"replies":[{"embeddable":true,"href":"http:\/\/www.fitte4beiner.de\/wordpress\/index.php?rest_route=%2Fwp%2Fv2%2Fcomments&post=258"}],"version-history":[{"count":6,"href":"http:\/\/www.fitte4beiner.de\/wordpress\/index.php?rest_route=\/wp\/v2\/pages\/258\/revisions"}],"predecessor-version":[{"id":730,"href":"http:\/\/www.fitte4beiner.de\/wordpress\/index.php?rest_route=\/wp\/v2\/pages\/258\/revisions\/730"}],"up":[{"embeddable":true,"href":"http:\/\/www.fitte4beiner.de\/wordpress\/index.php?rest_route=\/wp\/v2\/pages\/177"}],"wp:attachment":[{"href":"http:\/\/www.fitte4beiner.de\/wordpress\/index.php?rest_route=%2Fwp%2Fv2%2Fmedia&parent=258"}],"curies":[{"name":"wp","href":"https:\/\/api.w.org\/{rel}","templated":true}]}}