{"id":496,"date":"2015-12-13T13:40:07","date_gmt":"2015-12-13T12:40:07","guid":{"rendered":"http:\/\/www.fitte4beiner.de\/wordpress\/?page_id=496"},"modified":"2023-10-01T21:27:30","modified_gmt":"2023-10-01T20:27:30","slug":"hormesis-leuchten","status":"publish","type":"page","link":"http:\/\/www.fitte4beiner.de\/wordpress\/?page_id=496","title":{"rendered":"Hormesis Leuchten"},"content":{"rendered":"<p>Bei der Anwendung von Hormesis Lichttherapie geht es darum Licht zur Beschleunigung von Heilungsprozessen einzusetzen.<\/p>\n<p>Unsere LED Hormesis Leuchten gibt es f\u00fcr die verschiedenen Anwendungsbereiche in mehreren Farben:<a href=\"http:\/\/www.fitte4beiner.de\/wordpress\/wp-content\/uploads\/Lampe1_2020_2.jpg\"><img loading=\"lazy\" decoding=\"async\" class=\"alignright wp-image-618\" title=\"Lampe_in_Schale_klein2\" src=\"http:\/\/www.fitte4beiner.de\/wordpress\/wp-content\/uploads\/Lampe1_2020_2.jpg\" alt=\"\" width=\"191\" height=\"400\" \/><\/a><\/p>\n<ul>\n<li>Gr\u00fcnlicht = 525nm<\/li>\n<li>Rot-Orangelicht = 625 nm<\/li>\n<li>andere Lichtfrequenzen auf Anfrage<\/li>\n<\/ul>\n<p>Die Lampen k\u00f6nnen leicht hygienisch gereinigt werden. Mit den hocheffizienten LED&#8217;s in gro\u00dfer St\u00fcckzahl ist eine gro\u00dfe Fl\u00e4che gleichzeitig behandelbar.<br \/>\nAuf Grund des Akkubetriebs ist ein kabelloser und somit sicherer Betrieb bis zu 2 Stunden am Tier m\u00f6glich.<\/p>\n<p>Lieferumfang:<\/p>\n<ul>\n<li>Akkuleuchte<\/li>\n<li>Ladeschale<\/li>\n<li>Stromkabel f\u00fcr Ladeschale<\/li>\n<li>Bedieungsanleitung<\/li>\n<\/ul>\n<p>Preise auf Anfrage:<\/p>\n<p>Bei Interesse kontaktieren Sie uns unter:<strong><br \/>\nTel.: 0172 \u2013 5317050<br \/>\nFax: 02338 \u2013 8745868<\/strong><\/p>\n<h4><strong><a href=\"mailto:Claudia.Ludovici@rga-net.de\">e-mail: Claudia.Ludovici@rga-net.de<\/a><\/strong><\/h4>\n<p>Mehr Informationen zu den Anwendungsgebieten finden Sie z.B. unter <a title=\"Farblicht-Hormesis in der Alternativen Tiermedizin Kapitel I\" href=\"https:\/\/www.edudip.com\/w\/88668\" target=\"_blank\" rel=\"noopener noreferrer\">Edudip<\/a><\/p>\n<p><!--more--><\/p>\n","protected":false},"excerpt":{"rendered":"<p>Bei der Anwendung von Hormesis Lichttherapie geht es darum Licht zur Beschleunigung von Heilungsprozessen einzusetzen. Unsere LED Hormesis Leuchten gibt es f\u00fcr die verschiedenen Anwendungsbereiche in mehreren Farben: Gr\u00fcnlicht = 525nm Rot-Orangelicht = 625 nm andere Lichtfrequenzen auf Anfrage Die &hellip; <a href=\"http:\/\/www.fitte4beiner.de\/wordpress\/?page_id=496\">Weiterlesen <span class=\"meta-nav\">&rarr;<\/span><\/a><\/p>\n","protected":false},"author":2,"featured_media":0,"parent":0,"menu_order":0,"comment_status":"closed","ping_status":"open","template":"","meta":{"footnotes":""},"class_list":["post-496","page","type-page","status-publish","hentry"],"_links":{"self":[{"href":"http:\/\/www.fitte4beiner.de\/wordpress\/index.php?rest_route=\/wp\/v2\/pages\/496","targetHints":{"allow":["GET"]}}],"collection":[{"href":"http:\/\/www.fitte4beiner.de\/wordpress\/index.php?rest_route=\/wp\/v2\/pages"}],"about":[{"href":"http:\/\/www.fitte4beiner.de\/wordpress\/index.php?rest_route=\/wp\/v2\/types\/page"}],"author":[{"embeddable":true,"href":"http:\/\/www.fitte4beiner.de\/wordpress\/index.php?rest_route=\/wp\/v2\/users\/2"}],"replies":[{"embeddable":true,"href":"http:\/\/www.fitte4beiner.de\/wordpress\/index.php?rest_route=%2Fwp%2Fv2%2Fcomments&post=496"}],"version-history":[{"count":14,"href":"http:\/\/www.fitte4beiner.de\/wordpress\/index.php?rest_route=\/wp\/v2\/pages\/496\/revisions"}],"predecessor-version":[{"id":717,"href":"http:\/\/www.fitte4beiner.de\/wordpress\/index.php?rest_route=\/wp\/v2\/pages\/496\/revisions\/717"}],"wp:attachment":[{"href":"http:\/\/www.fitte4beiner.de\/wordpress\/index.php?rest_route=%2Fwp%2Fv2%2Fmedia&parent=496"}],"curies":[{"name":"wp","href":"https:\/\/api.w.org\/{rel}","templated":true}]}}